{"id":31,"date":"2020-04-13T11:18:52","date_gmt":"2020-04-13T11:18:52","guid":{"rendered":"https:\/\/hbtvietnhiditat.com\/about\/"},"modified":"2024-02-29T15:44:37","modified_gmt":"2024-02-29T15:44:37","slug":"about","status":"publish","type":"page","link":"https:\/\/hbtvietnhiditat.com\/vi\/about\/","title":{"rendered":"Gi\u1edbi Thi\u1ec7u"},"content":{"rendered":"<div data-elementor-type=\"wp-page\" data-elementor-id=\"31\" class=\"elementor elementor-31\">\n\t\t\t\t\t\t<section class=\"elementor-section elementor-top-section elementor-element elementor-element-5131a13e elementor-section-height-full elementor-section-content-bottom elementor-section-boxed elementor-section-height-default elementor-section-items-middle\" data-id=\"5131a13e\" data-element_type=\"section\" data-e-type=\"section\" data-settings=\"{&quot;background_background&quot;:&quot;classic&quot;}\">\n\t\t\t\t\t\t\t<div class=\"elementor-background-overlay\"><\/div>\n\t\t\t\t\t\t\t<div class=\"elementor-container elementor-column-gap-default\">\n\t\t\t\t\t<div class=\"elementor-column elementor-col-100 elementor-top-column elementor-element elementor-element-1053ca7a\" data-id=\"1053ca7a\" data-element_type=\"column\" data-e-type=\"column\">\n\t\t\t<div class=\"elementor-widget-wrap elementor-element-populated\">\n\t\t\t\t\t\t<div class=\"elementor-element elementor-element-3d99e122 elementor-widget elementor-widget-heading\" data-id=\"3d99e122\" data-element_type=\"widget\" data-e-type=\"widget\" data-widget_type=\"heading.default\">\n\t\t\t\t<div class=\"elementor-widget-container\">\n\t\t\t\t\t<h1 class=\"elementor-heading-title elementor-size-default\">Gi\u1edbi Thi\u1ec7u<\/h1>\t\t\t\t<\/div>\n\t\t\t\t<\/div>\n\t\t\t\t\t<\/div>\n\t\t<\/div>\n\t\t\t\t\t<\/div>\n\t\t<\/section>\n\t\t\t\t<section class=\"elementor-section elementor-top-section elementor-element elementor-element-40177ae0 elementor-section-boxed elementor-section-height-default elementor-section-height-default\" data-id=\"40177ae0\" data-element_type=\"section\" data-e-type=\"section\">\n\t\t\t\t\t\t<div class=\"elementor-container elementor-column-gap-no\">\n\t\t\t\t\t<div class=\"elementor-column elementor-col-50 elementor-top-column elementor-element elementor-element-2828f573\" data-id=\"2828f573\" data-element_type=\"column\" data-e-type=\"column\">\n\t\t\t<div class=\"elementor-widget-wrap elementor-element-populated\">\n\t\t\t\t\t\t<div class=\"elementor-element elementor-element-68afc23b elementor-widget elementor-widget-heading\" data-id=\"68afc23b\" data-element_type=\"widget\" data-e-type=\"widget\" data-widget_type=\"heading.default\">\n\t\t\t\t<div class=\"elementor-widget-container\">\n\t\t\t\t\t<h1 class=\"elementor-heading-title elementor-size-default\">Gi\u1edbi Thi\u1ec7u H\u1ed9i<\/h1>\t\t\t\t<\/div>\n\t\t\t\t<\/div>\n\t\t\t\t\t<\/div>\n\t\t<\/div>\n\t\t\t\t<div class=\"elementor-column elementor-col-50 elementor-top-column elementor-element elementor-element-48096891\" data-id=\"48096891\" data-element_type=\"column\" data-e-type=\"column\">\n\t\t\t<div class=\"elementor-widget-wrap elementor-element-populated\">\n\t\t\t\t\t\t<div class=\"elementor-element elementor-element-e56ab06 elementor-widget elementor-widget-text-editor\" data-id=\"e56ab06\" data-element_type=\"widget\" data-e-type=\"widget\" data-widget_type=\"text-editor.default\">\n\t\t\t\t<div class=\"elementor-widget-container\">\n\t\t\t\t\t\t\t\t\t<p>H\u1ed9i B\u1ea3o Tr\u1ee3 Vi\u1ec7t Nhi D\u1ecb T\u1eadt b\u1eaft \u0111\u1ea7u ch\u00ednh th\u1ee9c ho\u1ea1t \u0111\u1ed9ng t\u1eeb th\u00e1ng 2 n\u0103m 2003 \u0111\u1ec3 \u0111\u00e1p \u1ee9ng nhu c\u1ea7u xin gi\u00fap \u0111\u1edf t\u1eeb gia \u0111\u00ecnh b\u00e9 Tr\u01b0\u01a1ng Th\u1ecb D\u00e2n Nhi v\u1edbi b\u1ec7nh d\u1ecb t\u1eadt l\u1ed9 b\u00e0ng quang b\u1ea9m sinh m\u00e0 kh\u00f4ng ch\u1eefa tr\u1ecb \u0111\u01b0\u1ee3c t\u1ea1i Vi\u1ec7t Nam v\u00ec kh\u00f4ng \u0111\u1ee7 d\u1ee5ng c\u1ee5 y khoa t\u00e2n ti\u1ebfn v\u00e0 gia c\u1ea3nh kh\u00f4ng \u0111\u1ee7 ph\u01b0\u01a1ng ti\u1ec7n t\u00e0i ch\u00e1nh c\u00e1ng \u0111\u00e1ng.<\/p>\n<p>H\u1ed9i \u0111\u00e3 \u0111\u01b0\u01a1c s\u1ef1 \u1ee7ng h\u1ed9 m\u1ea1nh m\u1ebb c\u1ee7a c\u1ed9ng \u0111\u1ed3ng ng\u01b0\u1eddi Vi\u1ec7t \u1edf Toronto v\u00e0 kh\u1eafp n\u01a1i tr\u00ean B\u1eafc M\u1ef9. T\u00f4n ch\u1ec9 c\u1ee7a H\u1ed9i l\u00e0 l\u00e0m vi\u1ec7c t\u1eeb thi\u1ec7n, c\u1ee9u gi\u00fap nh\u1eefng tr\u1ebb em Vi\u1ec7t Nam nh\u00e0 ngh\u00e8o bi b\u1ec7nh t\u1eadt b\u1ea9m sinh sang ch\u1eeda tr\u1ecb t\u1ea1i Canada nh\u1edd ch\u01b0\u01a1ng tr\u00ecnh nh\u00e2n \u0111\u1ea1o c\u1ee7a B\u1ec7nh Vi\u1ec7n Nhi \u0110\u1ed3ng Toronto qua Qu\u1ef9 t\u1eeb thi\u1ec7n Herbie Fund.  Qu\u1ef9 n\u00e0y ch\u1ec9 gi\u00fap ch\u1eefa tr\u1ecb ch\u1ee7 y\u1ebfu mi\u1ec3n ph\u00ed t\u1ea1i b\u1ec7nh vi\u1ec7n, c\u00f2n t\u1ea5t c\u1ea3 c\u00e1c chi ph\u00ed kh\u00e1c nh\u01b0 v\u00e9 m\u00e1y bay, b\u1ea3o hi\u1ec3m s\u1ee9c kh\u1ecfe cho em b\u00e9 v\u00e0 th\u00e2n nh\u00e2n \u0111i theo, chi ph\u00ed \u0103n \u1edf, v\u00e0 c\u00f3 th\u1ec3 m\u1ed9t s\u1ed1 chi ph\u00ed v\u1eadt d\u1ee5ng h\u1ed5 tr\u1ee3 c\u1ea7n thi\u1ebft ngo\u00e0i b\u1ec7nh vi\u1ec7n th\u00ec do H\u1ed9i B\u1ea3o Tr\u1ee3 Vi\u1ec7t Nhi D\u1ecb T\u1eadt trang tr\u1ea3i.<\/p>\n<p>T\u1eeb n\u0103m 2003 cho t\u1edbi nay, H\u1ed9i B\u1ea3o Tr\u1ee3 Vi\u1ec7t Nhi D\u1ecb T\u1eadt \u0111\u00e3 gi\u00fap \u0111\u1edf 19 tr\u1ebb em, trong s\u1ed1 \u0111\u00f3 c\u00f3 6 em \u0111\u00e3 \u0111\u01b0\u1ee3c H\u1ed9i b\u1ea3o tr\u1ee3 sang Canada \u0111\u1ec3 ch\u1eefa tr\u1ecb sau khi B\u1ec7nh Vi\u1ec7n Nhi \u0110\u1ed3ng Toronto duy\u1ec7t x\u00e9t h\u1ed3 s\u01a1 v\u00e0 ch\u1ea5p nh\u1eadn ch\u1eefa tr\u1ecb cho c\u00e1c em b\u00e9 n\u00e0y.<\/p>\t\t\t\t\t\t\t\t<\/div>\n\t\t\t\t<\/div>\n\t\t\t\t\t<\/div>\n\t\t<\/div>\n\t\t\t\t\t<\/div>\n\t\t<\/section>\n\t\t\t\t<section class=\"elementor-section elementor-top-section elementor-element elementor-element-88095be elementor-section-boxed elementor-section-height-default elementor-section-height-default\" data-id=\"88095be\" data-element_type=\"section\" data-e-type=\"section\" data-settings=\"{&quot;background_background&quot;:&quot;classic&quot;}\">\n\t\t\t\t\t\t<div class=\"elementor-container elementor-column-gap-no\">\n\t\t\t\t\t<div class=\"elementor-column elementor-col-33 elementor-top-column elementor-element elementor-element-ad938f4\" data-id=\"ad938f4\" data-element_type=\"column\" data-e-type=\"column\">\n\t\t\t<div class=\"elementor-widget-wrap elementor-element-populated\">\n\t\t\t\t\t\t<div class=\"elementor-element elementor-element-6f02f36 elementor-widget elementor-widget-image\" data-id=\"6f02f36\" data-element_type=\"widget\" data-e-type=\"widget\" data-widget_type=\"image.default\">\n\t\t\t\t<div class=\"elementor-widget-container\">\n\t\t\t\t\t\t\t\t\t\t\t\t\t\t\t<img fetchpriority=\"high\" decoding=\"async\" width=\"331\" height=\"331\" src=\"https:\/\/hbtvietnhiditat.com\/wp-content\/uploads\/2021\/01\/logo_transp_sm-180x180.png\" class=\"attachment-large size-large wp-image-236\" alt=\"Tranparent logo\" srcset=\"https:\/\/hbtvietnhiditat.com\/wp-content\/uploads\/2021\/01\/logo_transp_sm.png 1x, https:\/\/hbtvietnhiditat.com\/wp-content\/uploads\/2021\/01\/logo_transp_sm.png 2x\" sizes=\"(max-width: 331px) 100vw, 331px\" \/>\t\t\t\t\t\t\t\t\t\t\t\t\t\t\t<\/div>\n\t\t\t\t<\/div>\n\t\t\t\t<div class=\"elementor-element elementor-element-5d53394 elementor-shape-rounded elementor-grid-0 e-grid-align-center elementor-widget elementor-widget-social-icons\" data-id=\"5d53394\" data-element_type=\"widget\" data-e-type=\"widget\" data-widget_type=\"social-icons.default\">\n\t\t\t\t<div class=\"elementor-widget-container\">\n\t\t\t\t\t\t\t<div class=\"elementor-social-icons-wrapper elementor-grid\">\n\t\t\t\t\t\t\t<span class=\"elementor-grid-item\">\n\t\t\t\t\t<a class=\"elementor-icon elementor-social-icon elementor-social-icon-facebook elementor-repeater-item-2cd5881\" href=\"https:\/\/www.facebook.com\/Vietnamese-Sick-Children-Assistance-Society-105298774869488\" target=\"_blank\">\n\t\t\t\t\t\t<span class=\"elementor-screen-only\">Facebook<\/span>\n\t\t\t\t\t\t<i aria-hidden=\"true\" class=\"fab fa-facebook\"><\/i>\t\t\t\t\t<\/a>\n\t\t\t\t<\/span>\n\t\t\t\t\t<\/div>\n\t\t\t\t\t\t<\/div>\n\t\t\t\t<\/div>\n\t\t\t\t<div class=\"elementor-element elementor-element-7f74727 elementor-widget elementor-widget-heading\" data-id=\"7f74727\" data-element_type=\"widget\" data-e-type=\"widget\" data-widget_type=\"heading.default\">\n\t\t\t\t<div class=\"elementor-widget-container\">\n\t\t\t\t\t<p class=\"elementor-heading-title elementor-size-default\">Charitable Registration #\n896572104 RR0001<\/p>\t\t\t\t<\/div>\n\t\t\t\t<\/div>\n\t\t\t\t\t<\/div>\n\t\t<\/div>\n\t\t\t\t<div class=\"elementor-column elementor-col-33 elementor-top-column elementor-element elementor-element-b59566c\" data-id=\"b59566c\" data-element_type=\"column\" data-e-type=\"column\">\n\t\t\t<div class=\"elementor-widget-wrap elementor-element-populated\">\n\t\t\t\t\t\t<div class=\"elementor-element elementor-element-08f8146 elementor-widget elementor-widget-heading\" data-id=\"08f8146\" data-element_type=\"widget\" data-e-type=\"widget\" data-widget_type=\"heading.default\">\n\t\t\t\t<div class=\"elementor-widget-container\">\n\t\t\t\t\t<h1 class=\"elementor-heading-title elementor-size-medium\">T\u00f4n Ch\u1ec9 H\u1ed9i<\/h1>\t\t\t\t<\/div>\n\t\t\t\t<\/div>\n\t\t\t\t<div class=\"elementor-element elementor-element-22d806f elementor-widget elementor-widget-text-editor\" data-id=\"22d806f\" data-element_type=\"widget\" data-e-type=\"widget\" data-widget_type=\"text-editor.default\">\n\t\t\t\t<div class=\"elementor-widget-container\">\n\t\t\t\t\t\t\t\t\t<p>To bring hope to children of poor family in Vietnam with congenital anomalies that cannot be treated in Vietnam to Toronto for treatment through the humanitarian Herbie Fund program of the SickKids Foundation.<\/p>\t\t\t\t\t\t\t\t<\/div>\n\t\t\t\t<\/div>\n\t\t\t\t\t<\/div>\n\t\t<\/div>\n\t\t\t\t<div class=\"elementor-column elementor-col-33 elementor-top-column elementor-element elementor-element-6b0d72f\" data-id=\"6b0d72f\" data-element_type=\"column\" data-e-type=\"column\">\n\t\t\t<div class=\"elementor-widget-wrap elementor-element-populated\">\n\t\t\t\t\t\t<div class=\"elementor-element elementor-element-30cd69e elementor-widget elementor-widget-heading\" data-id=\"30cd69e\" data-element_type=\"widget\" data-e-type=\"widget\" data-widget_type=\"heading.default\">\n\t\t\t\t<div class=\"elementor-widget-container\">\n\t\t\t\t\t<h1 class=\"elementor-heading-title elementor-size-medium\">Ban \u0110i\u1ec1u H\u00e0nh<\/h1>\t\t\t\t<\/div>\n\t\t\t\t<\/div>\n\t\t\t\t<div class=\"elementor-element elementor-element-9f92279 elementor-icon-list--layout-traditional elementor-list-item-link-full_width elementor-widget elementor-widget-icon-list\" data-id=\"9f92279\" data-element_type=\"widget\" data-e-type=\"widget\" data-widget_type=\"icon-list.default\">\n\t\t\t\t<div class=\"elementor-widget-container\">\n\t\t\t\t\t\t\t<ul class=\"elementor-icon-list-items\">\n\t\t\t\t\t\t\t<li class=\"elementor-icon-list-item\">\n\t\t\t\t\t\t\t\t\t\t\t<span class=\"elementor-icon-list-icon\">\n\t\t\t\t\t\t\t<i aria-hidden=\"true\" class=\"fas fa-caret-right\"><\/i>\t\t\t\t\t\t<\/span>\n\t\t\t\t\t\t\t\t\t\t<span class=\"elementor-icon-list-text\">Ch\u1ee7 t\u1ecbch: Nguy\u1ec5n T\u0103ng Trang<\/span>\n\t\t\t\t\t\t\t\t\t<\/li>\n\t\t\t\t\t\t\t\t<li class=\"elementor-icon-list-item\">\n\t\t\t\t\t\t\t\t\t\t\t<span class=\"elementor-icon-list-icon\">\n\t\t\t\t\t\t\t<i aria-hidden=\"true\" class=\"fas fa-caret-right\"><\/i>\t\t\t\t\t\t<\/span>\n\t\t\t\t\t\t\t\t\t\t<span class=\"elementor-icon-list-text\">Ph\u00f3 ch\u1ee7 t\u1ecbch ngo\u1ea1i v\u1ee5: V\u01b0\u01a1ng Minh Ho\u00e0ng<\/span>\n\t\t\t\t\t\t\t\t\t<\/li>\n\t\t\t\t\t\t\t\t<li class=\"elementor-icon-list-item\">\n\t\t\t\t\t\t\t\t\t\t\t<span class=\"elementor-icon-list-icon\">\n\t\t\t\t\t\t\t<i aria-hidden=\"true\" class=\"fas fa-caret-right\"><\/i>\t\t\t\t\t\t<\/span>\n\t\t\t\t\t\t\t\t\t\t<span class=\"elementor-icon-list-text\">Ph\u00f3 ch\u1ee7 t\u1ecbch n\u1ed9i v\u1ee5: \u0110\u1eb7ng Qu\u1ed1c Phong<\/span>\n\t\t\t\t\t\t\t\t\t<\/li>\n\t\t\t\t\t\t\t\t<li class=\"elementor-icon-list-item\">\n\t\t\t\t\t\t\t\t\t\t\t<span class=\"elementor-icon-list-icon\">\n\t\t\t\t\t\t\t<i aria-hidden=\"true\" class=\"fas fa-caret-right\"><\/i>\t\t\t\t\t\t<\/span>\n\t\t\t\t\t\t\t\t\t\t<span class=\"elementor-icon-list-text\">Th\u1ee7 qu\u1ef9: Phan \u00c1nh Nguy\u1ec7t<\/span>\n\t\t\t\t\t\t\t\t\t<\/li>\n\t\t\t\t\t\t\t\t<li class=\"elementor-icon-list-item\">\n\t\t\t\t\t\t\t\t\t\t\t<span class=\"elementor-icon-list-icon\">\n\t\t\t\t\t\t\t<i aria-hidden=\"true\" class=\"fas fa-caret-right\"><\/i>\t\t\t\t\t\t<\/span>\n\t\t\t\t\t\t\t\t\t\t<span class=\"elementor-icon-list-text\">T\u1ed5ng th\u01b0 k\u00fd: Phi Tu\u1ea5n H\u00f9ng<\/span>\n\t\t\t\t\t\t\t\t\t<\/li>\n\t\t\t\t\t\t\t\t<li class=\"elementor-icon-list-item\">\n\t\t\t\t\t\t\t\t\t\t\t<span class=\"elementor-icon-list-icon\">\n\t\t\t\t\t\t\t<i aria-hidden=\"true\" class=\"fas fa-caret-right\"><\/i>\t\t\t\t\t\t<\/span>\n\t\t\t\t\t\t\t\t\t\t<span class=\"elementor-icon-list-text\">Gi\u00e1m s\u00e1t: V\u0169 H\u1eefu Doanh<\/span>\n\t\t\t\t\t\t\t\t\t<\/li>\n\t\t\t\t\t\t\t\t<li class=\"elementor-icon-list-item\">\n\t\t\t\t\t\t\t\t\t\t\t<span class=\"elementor-icon-list-icon\">\n\t\t\t\t\t\t\t<i aria-hidden=\"true\" class=\"fas fa-caret-right\"><\/i>\t\t\t\t\t\t<\/span>\n\t\t\t\t\t\t\t\t\t\t<span class=\"elementor-icon-list-text\">C\u1ed1 v\u1ea5n: Nguy\u1ec5n H\u1eefu K\u1ef3<\/span>\n\t\t\t\t\t\t\t\t\t<\/li>\n\t\t\t\t\t\t\t\t<li class=\"elementor-icon-list-item\">\n\t\t\t\t\t\t\t\t\t\t\t<span class=\"elementor-icon-list-icon\">\n\t\t\t\t\t\t\t<i aria-hidden=\"true\" class=\"fas fa-caret-right\"><\/i>\t\t\t\t\t\t<\/span>\n\t\t\t\t\t\t\t\t\t\t<span class=\"elementor-icon-list-text\">C\u1ed1 v\u1ea5n: Nguy\u1ec5n T\u0103ng Qu\u1ed1c<\/span>\n\t\t\t\t\t\t\t\t\t<\/li>\n\t\t\t\t\t\t<\/ul>\n\t\t\t\t\t\t<\/div>\n\t\t\t\t<\/div>\n\t\t\t\t\t<\/div>\n\t\t<\/div>\n\t\t\t\t\t<\/div>\n\t\t<\/section>\n\t\t\t\t<\/div>","protected":false},"excerpt":{"rendered":"<p>About Us Our Story Based in Toronto, Canada, the Vietnamese Sick Children Assistance Society (VSCAS) was founded in February 2003 in response to a request from the family of a little girl name Dan Nhi whose bladder exstrophy case could not be treated in Vietnam due to the lack of advanced medical equipment and the &hellip;<\/p>\n<p class=\"read-more\"> <a class=\"\" href=\"https:\/\/hbtvietnhiditat.com\/vi\/about\/\"> <span class=\"screen-reader-text\">Gi\u1edbi Thi\u1ec7u<\/span> Read More &raquo;<\/a><\/p>","protected":false},"author":1,"featured_media":0,"parent":0,"menu_order":0,"comment_status":"closed","ping_status":"closed","template":"","meta":{"_monsterinsights_skip_tracking":false,"_monsterinsights_sitenote_active":false,"_monsterinsights_sitenote_note":"","_monsterinsights_sitenote_category":0,"footnotes":""},"class_list":["post-31","page","type-page","status-publish","hentry"],"jetpack_sharing_enabled":true,"_links":{"self":[{"href":"https:\/\/hbtvietnhiditat.com\/vi\/wp-json\/wp\/v2\/pages\/31","targetHints":{"allow":["GET"]}}],"collection":[{"href":"https:\/\/hbtvietnhiditat.com\/vi\/wp-json\/wp\/v2\/pages"}],"about":[{"href":"https:\/\/hbtvietnhiditat.com\/vi\/wp-json\/wp\/v2\/types\/page"}],"author":[{"embeddable":true,"href":"https:\/\/hbtvietnhiditat.com\/vi\/wp-json\/wp\/v2\/users\/1"}],"replies":[{"embeddable":true,"href":"https:\/\/hbtvietnhiditat.com\/vi\/wp-json\/wp\/v2\/comments?post=31"}],"version-history":[{"count":5,"href":"https:\/\/hbtvietnhiditat.com\/vi\/wp-json\/wp\/v2\/pages\/31\/revisions"}],"predecessor-version":[{"id":601,"href":"https:\/\/hbtvietnhiditat.com\/vi\/wp-json\/wp\/v2\/pages\/31\/revisions\/601"}],"wp:attachment":[{"href":"https:\/\/hbtvietnhiditat.com\/vi\/wp-json\/wp\/v2\/media?parent=31"}],"curies":[{"name":"wp","href":"https:\/\/api.w.org\/{rel}","templated":true}]}}